{"id":807,"date":"2023-02-07T18:20:31","date_gmt":"2023-02-07T18:20:31","guid":{"rendered":"https:\/\/residenciajardinesanmarcos.com\/?page_id=807"},"modified":"2023-03-07T17:41:37","modified_gmt":"2023-03-07T17:41:37","slug":"conocenos-2","status":"publish","type":"page","link":"https:\/\/residenciajardinesanmarcos.com\/index.php\/conocenos-2\/","title":{"rendered":"Con\u00f3cenos"},"content":{"rendered":"<p>[et_pb_section fb_built=\u00bb1&#8243; _builder_version=\u00bb4.19.5&#8243; _module_preset=\u00bbdefault\u00bb custom_padding=\u00bb0px||85px|||\u00bb global_colors_info=\u00bb{}\u00bb][et_pb_row _builder_version=\u00bb4.19.5&#8243; _module_preset=\u00bbdefault\u00bb custom_padding=\u00bb2px|||||\u00bb global_colors_info=\u00bb{}\u00bb][et_pb_column type=\u00bb4_4&#8243; _builder_version=\u00bb4.19.5&#8243; _module_preset=\u00bbdefault\u00bb global_colors_info=\u00bb{}\u00bb][et_pb_image src=\u00bbhttps:\/\/residenciajardinesanmarcos.com\/wp-content\/uploads\/2023\/01\/banner_07_990x427.jpg\u00bb title_text=\u00bbbanner_07_990x427&#8243; align=\u00bbcenter\u00bb force_fullwidth=\u00bbon\u00bb _builder_version=\u00bb4.19.5&#8243; _module_preset=\u00bbdefault\u00bb custom_margin_tablet=\u00bb32px||19px||false|false\u00bb custom_margin_phone=\u00bb33px||||false|false\u00bb custom_margin_last_edited=\u00bbon|phone\u00bb global_colors_info=\u00bb{}\u00bb][\/et_pb_image][\/et_pb_column][\/et_pb_row][et_pb_row column_structure=\u00bb2_5,3_5&#8243; _builder_version=\u00bb4.19.5&#8243; _module_preset=\u00bbdefault\u00bb global_colors_info=\u00bb{}\u00bb][et_pb_column type=\u00bb2_5&#8243; _builder_version=\u00bb4.19.5&#8243; _module_preset=\u00bbdefault\u00bb global_colors_info=\u00bb{}\u00bb][et_pb_text _builder_version=\u00bb4.20.0&#8243; _module_preset=\u00bbdefault\u00bb global_colors_info=\u00bb{}\u00bb]<\/p>\n<p style=\"text-align: justify;\">La Residencia Jardines de San Marcos naci\u00f3 hace m\u00e1s de 25 a\u00f1os con la vocaci\u00f3n de cuidar a nuestros mayores en un entono inigualable. Su magn\u00edfica ubicaci\u00f3n y su personal cualificado hacen de nuestro centro el lugar ideal para confiarnos su cuidado.<\/p>\n<p style=\"text-align: justify;\">La residencia est\u00e1 ubicada en la bonita localidad de Tegueste, un lugar donde poder disfrutar de paz y tranquilidad. El entorno rural y el magn\u00edfico clima de la zona son ideales para el descanso. Cuidamos de nuestros mayores las 24 horas del d\u00eda, queremos que se sientan acompa\u00f1ados y atendidos como se merecen.<\/p>\n<p style=\"text-align: justify;\">Nuestro equipo est\u00e1 compuesto por incre\u00edbles profesionales, que destacan por su atenci\u00f3n, buen trato y cualificaci\u00f3n. Nos esmeramos d\u00eda a d\u00eda en atender con cari\u00f1o a nuestros residentes. Nuestro equipo est\u00e1 compuesto por personal sanitario, cocinas, limpieza, administraci\u00f3n y mantenimiento.<\/p>\n<p style=\"text-align: justify;\">La atenci\u00f3n que ofrecemos es totalmente personalizada. Contamos con unas instalaciones totalmente reformadas: gimnasio, zonas ajardinadas, biblioteca, terrazas, sal\u00f3n de televisi\u00f3n, sala de espera, etc. Las habitaciones son confortables y adaptadas a cada necesidad. Se sentir\u00e1n como en casa.<\/p>\n<p style=\"text-align: justify;\">Nuestra vocaci\u00f3n desde hace m\u00e1s de 25 a\u00f1os es la de cuidar y servir a nuestros mayores. A d\u00eda de hoy tenemos la misma ilusi\u00f3n de siempre y nos esforzamos cada d\u00eda en mejorar. Nuestra mayor satisfacci\u00f3n es el bienestar de nuestros residentes.<\/p>\n<p>[\/et_pb_text][et_pb_image src=\u00bbhttps:\/\/residenciajardinesanmarcos.com\/wp-content\/uploads\/2023\/02\/Residencia-Fotos-19.jpg\u00bb title_text=\u00bbResidencia Fotos-19&#8243; _builder_version=\u00bb4.19.5&#8243; _module_preset=\u00bbdefault\u00bb global_colors_info=\u00bb{}\u00bb][\/et_pb_image][\/et_pb_column][et_pb_column type=\u00bb3_5&#8243; _builder_version=\u00bb4.19.5&#8243; _module_preset=\u00bbdefault\u00bb global_colors_info=\u00bb{}\u00bb][et_pb_image src=\u00bbhttps:\/\/residenciajardinesanmarcos.com\/wp-content\/uploads\/2023\/02\/Residencia-Fotos-22.jpg\u00bb title_text=\u00bbResidencia Fotos-22&#8243; align=\u00bbcenter\u00bb _builder_version=\u00bb4.20.1&#8243; _module_preset=\u00bbdefault\u00bb custom_margin=\u00bb-3px||||false|false\u00bb custom_margin_tablet=\u00bb5px||||false|false\u00bb custom_margin_phone=\u00bb-3px||||false|false\u00bb custom_margin_last_edited=\u00bbon|desktop\u00bb hover_enabled=\u00bb0&#8243; global_colors_info=\u00bb{}\u00bb max_height=\u00bb957px\u00bb sticky_enabled=\u00bb0&#8243;][\/et_pb_image][\/et_pb_column][\/et_pb_row][et_pb_row disabled_on=\u00bbon|on|on\u00bb _builder_version=\u00bb4.20.0&#8243; _module_preset=\u00bbdefault\u00bb custom_margin=\u00bb43px||||false|false\u00bb custom_margin_tablet=\u00bb43px||||false|false\u00bb custom_margin_phone=\u00bb43px||||false|false\u00bb custom_margin_last_edited=\u00bbon|phone\u00bb disabled=\u00bbon\u00bb global_colors_info=\u00bb{}\u00bb][et_pb_column type=\u00bb4_4&#8243; _builder_version=\u00bb4.19.5&#8243; _module_preset=\u00bbdefault\u00bb global_colors_info=\u00bb{}\u00bb][dsm_text_divider header=\u00bbPREGUNTAS FRECUENTES\u00bb _builder_version=\u00bb4.19.5&#8243; _module_preset=\u00bbdefault\u00bb header_text_color=\u00bb#8300e9&#8243; global_colors_info=\u00bb{}\u00bb][\/dsm_text_divider][\/et_pb_column][\/et_pb_row][et_pb_row disabled_on=\u00bbon|on|on\u00bb _builder_version=\u00bb4.19.5&#8243; _module_preset=\u00bbdefault\u00bb max_width=\u00bb1854px\u00bb height=\u00bb519px\u00bb max_height=\u00bb893px\u00bb custom_margin=\u00bb|auto||auto|false|false\u00bb custom_margin_tablet=\u00bb25px||||false|false\u00bb custom_margin_phone=\u00bb25px||||false|false\u00bb custom_margin_last_edited=\u00bbon|phone\u00bb custom_padding=\u00bb4px||0px||false|false\u00bb disabled=\u00bbon\u00bb global_colors_info=\u00bb{}\u00bb][et_pb_column type=\u00bb4_4&#8243; _builder_version=\u00bb4.19.5&#8243; _module_preset=\u00bbdefault\u00bb global_colors_info=\u00bb{}\u00bb][et_pb_accordion _builder_version=\u00bb4.19.5&#8243; _module_preset=\u00bbdefault\u00bb custom_margin=\u00bb37px||||false|false\u00bb global_colors_info=\u00bb{}\u00bb][et_pb_accordion_item title=\u00bbTengo que ausentarme. \u00bfpuedo dejar a mi padre por d\u00edas u horas?\u00bb open=\u00bbon\u00bb _builder_version=\u00bb4.19.5&#8243; _module_preset=\u00bbdefault\u00bb global_colors_info=\u00bb{}\u00bb]<\/p>\n<p><span>En el centro se pueden contratar estancias acorde a la necesidad de cada familia.<\/span><\/p>\n<p>[\/et_pb_accordion_item][et_pb_accordion_item title=\u00bb\u00bfDisponen de habitaciones individuales?\u00bb _builder_version=\u00bb4.19.5&#8243; _module_preset=\u00bbdefault\u00bb global_colors_info=\u00bb{}\u00bb open=\u00bboff\u00bb]<\/p>\n<p><span>Si, tenemos\u00a0habitaciones individuales y dobles seg\u00fan disponibilidad.<\/span><\/p>\n<p>[\/et_pb_accordion_item][et_pb_accordion_item title=\u00bb\u00bfTienen servicio de fisioterapeuta?\u00bb _builder_version=\u00bb4.19.5&#8243; _module_preset=\u00bbdefault\u00bb global_colors_info=\u00bb{}\u00bb open=\u00bboff\u00bb]<\/p>\n<p><span>Si, el centro cuenta con este servicio que lo incluye la cuota mensual.<\/span><\/p>\n<p>[\/et_pb_accordion_item][et_pb_accordion_item title=\u00bb\u00bfSe encargan de suministrar la medicaci\u00f3n?\u00bb _builder_version=\u00bb4.19.5&#8243; _module_preset=\u00bbdefault\u00bb global_colors_info=\u00bb{}\u00bb open=\u00bboff\u00bb]<\/p>\n<p><span>Si, esa gesti\u00f3n en nuestros servicios.<\/span><\/p>\n<p>[\/et_pb_accordion_item][et_pb_accordion_item title=\u00bbEn caso de urgencia m\u00e9dica: \u00bfC\u00f3mo gestionan el traslado?\u00bb _builder_version=\u00bb4.19.5&#8243; _module_preset=\u00bbdefault\u00bb global_colors_info=\u00bb{}\u00bb open=\u00bboff\u00bb]<\/p>\n<p><span>El protocolo de actuaci\u00f3n es el siguiente: primero es valorado por nuestro m\u00e9dico, si se considera oportuno su traslado, contactamos con el 112 y a continuaci\u00f3n se le notifica a la familia.<\/span><\/p>\n<p>[\/et_pb_accordion_item][\/et_pb_accordion][\/et_pb_column][\/et_pb_row][\/et_pb_section]<\/p>\n","protected":false},"excerpt":{"rendered":"<p>La Residencia Jardines de San Marcos naci\u00f3 hace m\u00e1s de 25 a\u00f1os con la vocaci\u00f3n de cuidar a nuestros mayores en un entono inigualable. Su magn\u00edfica ubicaci\u00f3n y su personal cualificado hacen de nuestro centro el lugar ideal para confiarnos su cuidado. La residencia est\u00e1 ubicada en la bonita localidad de Tegueste, un lugar donde [&hellip;]<\/p>\n","protected":false},"author":1,"featured_media":0,"parent":0,"menu_order":0,"comment_status":"closed","ping_status":"closed","template":"","meta":{"_et_pb_use_builder":"on","_et_pb_old_content":"<!-- wp:divi\/placeholder \/-->","_et_gb_content_width":"","footnotes":""},"class_list":["post-807","page","type-page","status-publish","hentry"],"yoast_head":"<!-- This site is optimized with the Yoast SEO plugin v26.6 - https:\/\/yoast.com\/wordpress\/plugins\/seo\/ -->\n<title>Con\u00f3cenos - Residencia Jardines de San Marcos<\/title>\n<meta name=\"robots\" content=\"index, follow, max-snippet:-1, max-image-preview:large, max-video-preview:-1\" \/>\n<link rel=\"canonical\" href=\"https:\/\/residenciajardinesanmarcos.com\/index.php\/conocenos-2\/\" \/>\n<meta property=\"og:locale\" content=\"es_ES\" \/>\n<meta property=\"og:type\" content=\"article\" \/>\n<meta property=\"og:title\" content=\"Con\u00f3cenos - Residencia Jardines de San Marcos\" \/>\n<meta property=\"og:description\" content=\"La Residencia Jardines de San Marcos naci\u00f3 hace m\u00e1s de 25 a\u00f1os con la vocaci\u00f3n de cuidar a nuestros mayores en un entono inigualable. Su magn\u00edfica ubicaci\u00f3n y su personal cualificado hacen de nuestro centro el lugar ideal para confiarnos su cuidado. La residencia est\u00e1 ubicada en la bonita localidad de Tegueste, un lugar donde [&hellip;]\" \/>\n<meta property=\"og:url\" content=\"https:\/\/residenciajardinesanmarcos.com\/index.php\/conocenos-2\/\" \/>\n<meta property=\"og:site_name\" content=\"Residencia Jardines de San Marcos\" \/>\n<meta property=\"article:publisher\" content=\"https:\/\/www.facebook.com\/residenciajardinesdesanmarcos\" \/>\n<meta property=\"article:modified_time\" content=\"2023-03-07T17:41:37+00:00\" \/>\n<meta name=\"twitter:card\" content=\"summary_large_image\" \/>\n<meta name=\"twitter:label1\" content=\"Tiempo de lectura\" \/>\n\t<meta name=\"twitter:data1\" content=\"2 minutos\" \/>\n<script type=\"application\/ld+json\" class=\"yoast-schema-graph\">{\"@context\":\"https:\/\/schema.org\",\"@graph\":[{\"@type\":\"WebPage\",\"@id\":\"https:\/\/residenciajardinesanmarcos.com\/index.php\/conocenos-2\/\",\"url\":\"https:\/\/residenciajardinesanmarcos.com\/index.php\/conocenos-2\/\",\"name\":\"Con\u00f3cenos - Residencia Jardines de San Marcos\",\"isPartOf\":{\"@id\":\"https:\/\/residenciajardinesanmarcos.com\/#website\"},\"datePublished\":\"2023-02-07T18:20:31+00:00\",\"dateModified\":\"2023-03-07T17:41:37+00:00\",\"breadcrumb\":{\"@id\":\"https:\/\/residenciajardinesanmarcos.com\/index.php\/conocenos-2\/#breadcrumb\"},\"inLanguage\":\"es\",\"potentialAction\":[{\"@type\":\"ReadAction\",\"target\":[\"https:\/\/residenciajardinesanmarcos.com\/index.php\/conocenos-2\/\"]}]},{\"@type\":\"BreadcrumbList\",\"@id\":\"https:\/\/residenciajardinesanmarcos.com\/index.php\/conocenos-2\/#breadcrumb\",\"itemListElement\":[{\"@type\":\"ListItem\",\"position\":1,\"name\":\"Portada\",\"item\":\"https:\/\/residenciajardinesanmarcos.com\/\"},{\"@type\":\"ListItem\",\"position\":2,\"name\":\"Con\u00f3cenos\"}]},{\"@type\":\"WebSite\",\"@id\":\"https:\/\/residenciajardinesanmarcos.com\/#website\",\"url\":\"https:\/\/residenciajardinesanmarcos.com\/\",\"name\":\"Residencia Jardines de San Marcos\",\"description\":\"Residencia de mayores Jardines de San Marcos\",\"publisher\":{\"@id\":\"https:\/\/residenciajardinesanmarcos.com\/#organization\"},\"potentialAction\":[{\"@type\":\"SearchAction\",\"target\":{\"@type\":\"EntryPoint\",\"urlTemplate\":\"https:\/\/residenciajardinesanmarcos.com\/?s={search_term_string}\"},\"query-input\":{\"@type\":\"PropertyValueSpecification\",\"valueRequired\":true,\"valueName\":\"search_term_string\"}}],\"inLanguage\":\"es\"},{\"@type\":\"Organization\",\"@id\":\"https:\/\/residenciajardinesanmarcos.com\/#organization\",\"name\":\"Residencia Jardines de San Marcos\",\"url\":\"https:\/\/residenciajardinesanmarcos.com\/\",\"logo\":{\"@type\":\"ImageObject\",\"inLanguage\":\"es\",\"@id\":\"https:\/\/residenciajardinesanmarcos.com\/#\/schema\/logo\/image\/\",\"url\":\"https:\/\/residenciajardinesanmarcos.com\/wp-content\/uploads\/2023\/02\/logo_web_268x117.png\",\"contentUrl\":\"https:\/\/residenciajardinesanmarcos.com\/wp-content\/uploads\/2023\/02\/logo_web_268x117.png\",\"width\":268,\"height\":117,\"caption\":\"Residencia Jardines de San Marcos\"},\"image\":{\"@id\":\"https:\/\/residenciajardinesanmarcos.com\/#\/schema\/logo\/image\/\"},\"sameAs\":[\"https:\/\/www.facebook.com\/residenciajardinesdesanmarcos\"]}]}<\/script>\n<!-- \/ Yoast SEO plugin. -->","yoast_head_json":{"title":"Con\u00f3cenos - Residencia Jardines de San Marcos","robots":{"index":"index","follow":"follow","max-snippet":"max-snippet:-1","max-image-preview":"max-image-preview:large","max-video-preview":"max-video-preview:-1"},"canonical":"https:\/\/residenciajardinesanmarcos.com\/index.php\/conocenos-2\/","og_locale":"es_ES","og_type":"article","og_title":"Con\u00f3cenos - Residencia Jardines de San Marcos","og_description":"La Residencia Jardines de San Marcos naci\u00f3 hace m\u00e1s de 25 a\u00f1os con la vocaci\u00f3n de cuidar a nuestros mayores en un entono inigualable. Su magn\u00edfica ubicaci\u00f3n y su personal cualificado hacen de nuestro centro el lugar ideal para confiarnos su cuidado. La residencia est\u00e1 ubicada en la bonita localidad de Tegueste, un lugar donde [&hellip;]","og_url":"https:\/\/residenciajardinesanmarcos.com\/index.php\/conocenos-2\/","og_site_name":"Residencia Jardines de San Marcos","article_publisher":"https:\/\/www.facebook.com\/residenciajardinesdesanmarcos","article_modified_time":"2023-03-07T17:41:37+00:00","twitter_card":"summary_large_image","twitter_misc":{"Tiempo de lectura":"2 minutos"},"schema":{"@context":"https:\/\/schema.org","@graph":[{"@type":"WebPage","@id":"https:\/\/residenciajardinesanmarcos.com\/index.php\/conocenos-2\/","url":"https:\/\/residenciajardinesanmarcos.com\/index.php\/conocenos-2\/","name":"Con\u00f3cenos - Residencia Jardines de San Marcos","isPartOf":{"@id":"https:\/\/residenciajardinesanmarcos.com\/#website"},"datePublished":"2023-02-07T18:20:31+00:00","dateModified":"2023-03-07T17:41:37+00:00","breadcrumb":{"@id":"https:\/\/residenciajardinesanmarcos.com\/index.php\/conocenos-2\/#breadcrumb"},"inLanguage":"es","potentialAction":[{"@type":"ReadAction","target":["https:\/\/residenciajardinesanmarcos.com\/index.php\/conocenos-2\/"]}]},{"@type":"BreadcrumbList","@id":"https:\/\/residenciajardinesanmarcos.com\/index.php\/conocenos-2\/#breadcrumb","itemListElement":[{"@type":"ListItem","position":1,"name":"Portada","item":"https:\/\/residenciajardinesanmarcos.com\/"},{"@type":"ListItem","position":2,"name":"Con\u00f3cenos"}]},{"@type":"WebSite","@id":"https:\/\/residenciajardinesanmarcos.com\/#website","url":"https:\/\/residenciajardinesanmarcos.com\/","name":"Residencia Jardines de San Marcos","description":"Residencia de mayores Jardines de San Marcos","publisher":{"@id":"https:\/\/residenciajardinesanmarcos.com\/#organization"},"potentialAction":[{"@type":"SearchAction","target":{"@type":"EntryPoint","urlTemplate":"https:\/\/residenciajardinesanmarcos.com\/?s={search_term_string}"},"query-input":{"@type":"PropertyValueSpecification","valueRequired":true,"valueName":"search_term_string"}}],"inLanguage":"es"},{"@type":"Organization","@id":"https:\/\/residenciajardinesanmarcos.com\/#organization","name":"Residencia Jardines de San Marcos","url":"https:\/\/residenciajardinesanmarcos.com\/","logo":{"@type":"ImageObject","inLanguage":"es","@id":"https:\/\/residenciajardinesanmarcos.com\/#\/schema\/logo\/image\/","url":"https:\/\/residenciajardinesanmarcos.com\/wp-content\/uploads\/2023\/02\/logo_web_268x117.png","contentUrl":"https:\/\/residenciajardinesanmarcos.com\/wp-content\/uploads\/2023\/02\/logo_web_268x117.png","width":268,"height":117,"caption":"Residencia Jardines de San Marcos"},"image":{"@id":"https:\/\/residenciajardinesanmarcos.com\/#\/schema\/logo\/image\/"},"sameAs":["https:\/\/www.facebook.com\/residenciajardinesdesanmarcos"]}]}},"_links":{"self":[{"href":"https:\/\/residenciajardinesanmarcos.com\/index.php\/wp-json\/wp\/v2\/pages\/807","targetHints":{"allow":["GET"]}}],"collection":[{"href":"https:\/\/residenciajardinesanmarcos.com\/index.php\/wp-json\/wp\/v2\/pages"}],"about":[{"href":"https:\/\/residenciajardinesanmarcos.com\/index.php\/wp-json\/wp\/v2\/types\/page"}],"author":[{"embeddable":true,"href":"https:\/\/residenciajardinesanmarcos.com\/index.php\/wp-json\/wp\/v2\/users\/1"}],"replies":[{"embeddable":true,"href":"https:\/\/residenciajardinesanmarcos.com\/index.php\/wp-json\/wp\/v2\/comments?post=807"}],"version-history":[{"count":24,"href":"https:\/\/residenciajardinesanmarcos.com\/index.php\/wp-json\/wp\/v2\/pages\/807\/revisions"}],"predecessor-version":[{"id":1109,"href":"https:\/\/residenciajardinesanmarcos.com\/index.php\/wp-json\/wp\/v2\/pages\/807\/revisions\/1109"}],"wp:attachment":[{"href":"https:\/\/residenciajardinesanmarcos.com\/index.php\/wp-json\/wp\/v2\/media?parent=807"}],"curies":[{"name":"wp","href":"https:\/\/api.w.org\/{rel}","templated":true}]}}